{"id":10841,"date":"2021-08-08T16:26:18","date_gmt":"2021-08-08T13:26:18","guid":{"rendered":"https:\/\/sulgpallitooted.ee\/conditions-of-sale\/"},"modified":"2024-07-23T09:56:39","modified_gmt":"2024-07-23T06:56:39","slug":"conditions-of-sale","status":"publish","type":"page","link":"https:\/\/sulgpallitooted.ee\/en\/conditions-of-sale\/","title":{"rendered":"Conditions of sale"},"content":{"rendered":"\r\n<p>&#13;\n<header class=\"entry-header ast-no-thumbnail ast-no-meta\">&#13;\n<h1 class=\"entry-title wp-block-heading\">Terms and conditions of sale<\/h1>&#13;\n<\/header>&#13;\n<div class=\"entry-content clear\">&#13;\n<p>Veebipoe <a href=\"https:\/\/sulgpallitooted.ee\">www.sulgpallitooted.ee<\/a> (edaspidi Veebipood) omanik on <span class=\"tojvnm2t a6sixzi8 abs2jz4q a8s20v7p t1p8iaqh k5wvi7nf q3lfd5jv pk4s997a bipmatt0 cebpdrjk qowsmv63 owwhemhu dp1hu0rb dhp61c6y iyyx5f41\">Aqula Pesu O\u00dc<\/span> (registrikood <span class=\"tojvnm2t a6sixzi8 abs2jz4q a8s20v7p t1p8iaqh k5wvi7nf q3lfd5jv pk4s997a bipmatt0 cebpdrjk qowsmv63 owwhemhu dp1hu0rb dhp61c6y iyyx5f41\">12338106<\/span>), asukohaga <span class=\"tojvnm2t a6sixzi8 abs2jz4q a8s20v7p t1p8iaqh k5wvi7nf q3lfd5jv pk4s997a bipmatt0 cebpdrjk qowsmv63 owwhemhu dp1hu0rb dhp61c6y iyyx5f41\">Heina tn 29a-5 Tallinn Harjumaa 10412<\/span>.<\/p>&#13;\n<h3>VALIDITY OF THE SALES CONTRACT, COMMERCIAL AND PRICE INFORMATION<\/h3>&#13;\n<p>Mu\u0308u\u0308gitingimused kehtivad Veebipoest kaupade ostmisel.<\/p>&#13;\n<p>Veebipoes mu\u0308u\u0308davate toodete hinnad on ma\u0308rgitud toodete juurde. Hinnale lisandub tasu kauba ka\u0308ttetoimetamise eest. Ko\u0303ik veebipoes mu\u0308u\u0308davate kaupade hinnad on eurodes.<\/p>&#13;\n<p>Kauba ka\u0308ttetoimetamise tasu so\u0303ltub ostja asukohast ning ka\u0308ttetoimetamise viisist. Ka\u0308ttetoimetamise tasu kuvatakse ostjale tellimuse vormistamisel.<\/p>&#13;\n<p>Teave kauba kohta on esitatud Veebipoes vahetult kauba juures.<\/p>&#13;\n<h3>PLACING AN ORDER<\/h3>&#13;\n<p>Kauba tellimiseks tuleb lisada soovitud tooted ostukorvi. Tellimuse vormistamiseks tuleb ta\u0308ita no\u0303utud andmeva\u0308ljad ning valida sobiv toodete kohaletoimetamise viis. Seeja\u0308rel kuvatakse ekraanile tasu suurus, mille saab tasuda turvaliselt la\u0308bi ja\u0308rgnevate makseviiside:<\/p>&#13;\n<ul>&#13;\n<li><strong><em>MyPos makselink<\/em><\/strong><\/li>&#13;\n<li><strong><em>PayPal makselink<\/em><\/strong><\/li>&#13;\n<\/ul>&#13;\n<p><strong><em>Veebipoe omanik on isikuandmete vastutav to\u0308o\u0308tleja ning edastab maksete teostamiseks vajalikud isikuandmed volitatud to\u0308o\u0308tlejale.<\/em><\/strong><\/p>&#13;\n<p>Kui tellitud kaupa ei ole vo\u0303imalik tarnida seoses kauba lo\u0303ppemisega vo\u0303i muul po\u0303hjusel, teavitatakse sellest ostjat esimesel vo\u0303imalusel ning tagastatakse tasutud raha (sh kauba ka\u0308ttetoimetamise kulud) viivitamata, kuid mitte hiljem kui 14 pa\u0308eva jooksul teate saatmisest.<\/p>&#13;\n<h3>DELIVERY TO<\/h3>&#13;\n<p>Kaupu saadetakse pakiautomaatidesse v\u00f5i postkontoritesse \u00fcle Eesti.<\/p>&#13;\n<p>Kauba ka\u0308ttesaamiseks on ostjal ja\u0308rgnevad valikud:\u00a0<strong>Smartpost, Omniva, Kuller,<\/strong>\u00a0ise kaubale j\u00e4rele tulemise v\u00f5imalus.<\/p>&#13;\n<p>Kauba saatmiskulud kannab ostja ning vastav hinnainfo on kuvatud saatmisviisi juures.<\/p>&#13;\n<p>Eestisisesed saadetised jo\u0303uavad u\u0308ldjuhul ostja ma\u0308a\u0308ratud sihtpunkti 2-5 to\u0308o\u0308pa\u0308eva peale m\u00fc\u00fcgilepingu j\u00f5ustumist v.a juhtudel, kui kaupa ei ole kohapeal laos. Sellisel juhul on kaupade tarneaeg 5-8 t\u00f6\u00f6p\u00e4eva alates mu\u0308u\u0308gilepingu jo\u0303ustumisest. Va\u0308ljaspool Eestit toimub kohaletoimetamine 14 kalendripa\u0308eva jooksul.<\/p>&#13;\n<p>Erandlikel juhtumitel on o\u0303igus kaup kohale toimetada kuni 45 kalendripa\u0308eva jooksul.<\/p>&#13;\n<h3>RIGHT OF WITHDRAWAL<\/h3>&#13;\n<p>Pa\u0308rast tellimuse ka\u0308ttesaamist on ostjal o\u0303igus e-poes so\u0303lmitud lepingust taganeda 14 pa\u0308eva jooksul.<\/p>&#13;\n<p>Taganemiso\u0303igus ei kohaldu, kui ostjaks on juriidiline isik.<\/p>&#13;\n<p>14-pa\u0308evase tagastamiso\u0303iguse kasutamiseks ei tohi tellitud kaupa kasutada muul viisil kui on vajalik kauba olemuses, omadustes ja toimimises veendumiseks viisil nagu see on lubatud kauba testimiseks fu\u0308u\u0308silises poes.<\/p>&#13;\n<p>Kui kaupa on kasutatud muuks otstarbeks kui on vajalik kauba olemuses, omadustes ja toimimises veendumiseks vo\u0303i sellel on kasutamise vo\u0303i kulumise ma\u0308rke, on Veebipoel o\u0303igus alandada tagastatavat tasu vastavalt kauba va\u0308a\u0308rtuse va\u0308henemisele.<\/p>&#13;\n<p>Kauba tagastamiseks tuleb esitada kauba ostmisest taganemise avaldus vabas vormis ning saata e-posti aadressile andrus.kuldkepp@gmail.com hiljemalt 14 p\u00e4eva jooksul kauba k\u00e4ttesaamisest.<\/p>&#13;\n<p>Ostja peab kauba tagastama avalduse esitamisele ja\u0308rgneva 14 pa\u0308eva jooksul vo\u0303i esitama to\u0303endi, et ta on eelnimetatud perioodi jooksul kauba u\u0308le andnud kauba vedajale.<\/p>&#13;\n<p>Veebipood tagastab tagastatava kauba ka\u0308ttesaamisel ostjale viivitamata, kuid mitte hiljem kui 14 pa\u0308eva mo\u0308o\u0308dumisel arvates taganemisavalduse saamisest, ko\u0303ik ostjalt lepingu alusel saadud tasud.<\/p>&#13;\n<p>Veebipood vo\u0303ib keelduda tagasimaksete tegemisest seni, kuni on lepingu esemeks oleva asja tagasi saanud vo\u0303i kuni ostja on esitanud to\u0303endid, et on asja tagasi saatnud, so\u0303ltuvalt sellest, kumb toimub varem.<\/p>&#13;\n<p>Kui ostja on so\u0303naselgelt valinud Veebipoe pakutud ko\u0303ige odavamast tavapa\u0308rasest asja ka\u0308ttetoimetamise viisist erineva ka\u0308ttetoimetamise viisi, ei pea Veebipood tarbijale tagastama kulu, mis u\u0308letab tavapa\u0308rase ka\u0308ttetoimetamise viisiga seotud kulu.<\/p>&#13;\n<p>Veebipoel on o\u0303igus taganeda mu\u0308u\u0308gitehingust ning no\u0303uda ostjalt tagasi kaup, kui kauba hind veebipoes on eksituse to\u0303ttu ma\u0308rgitud oluliselt alla kauba turuhinna.<\/p>&#13;\n<h3>RIGHT OF COMPLAINT<\/h3>&#13;\n<p>Veebipood vastutab ostjale mu\u0308u\u0308dud kauba lepingutingimustele mittevastavuse vo\u0303i puuduse eest, mis oli olemas juba asja u\u0308leandmise hetkel ning mis ilmneb kuni kahe aasta jooksul, alates kauba u\u0308leandmisest ostjale. ellest esimese kuue kuu jooksul asja u\u0308leandmisest ostjale eeldatakse, et puudus oli olemas juba asja u\u0308leandmise ajal. Vastava eelduse u\u0308mberlu\u0308kkamine on Veebipoe kohustus.<\/p>&#13;\n<p>Ostjal on o\u0303igus puuduse ilmnemisel po\u0308o\u0308rduda hiljemalt kahe kuu jooksul veebipoe poole, saates e-kirja aadressile <a href=\"mailto:andrus.kuldkepp@gmail.com\">andrus.kuldkepp@gmail.com<\/a>\u00a0vo\u0303i helistada telefonil: +372 <span class=\"tojvnm2t a6sixzi8 abs2jz4q a8s20v7p t1p8iaqh k5wvi7nf q3lfd5jv pk4s997a bipmatt0 cebpdrjk qowsmv63 owwhemhu dp1hu0rb dhp61c6y iyyx5f41\">5743 0872<\/span>.<\/p>&#13;\n<p>Veebipood ei vastuta puuduste eest, mis on tekkinud pa\u0308rast kauba u\u0308leandmist ostjale.<\/p>&#13;\n<p>Kui Veebipoest ostetud kaubal on puudused, mille eest Veebipood vastutab, parandab vo\u0303i asendab Veebipood puudusega kauba. Kui kaupa ei ole vo\u0303imalik parandada ega asendada, tagastab Veebipood ostjale ko\u0303ik mu\u0308u\u0308gilepinguga kaasnenud tasud.<\/p>&#13;\n<p>Veebipood vastab tarbija esitatud kaebusele kirjalikult vo\u0303i kirjalikku taasesitamist vo\u0303imaldavas vormis 15 pa\u0308eva jooksul.<\/p>&#13;\n<h3>DIRECT MARKETING AND PROCESSING OF PERSONAL DATA<\/h3>&#13;\n<p>Veebipood kasutab ostja poolt sisestatud isikuandmeid ainult tellimuse to\u0308o\u0308tlemiseks ning kauba ostjale saatmiseks. Veebipood edastab isikuandmeid veoteenust pakkuvale ettevo\u0303tetele selleks, et kohale toimetada kaupa.<\/p>&#13;\n<p>Veebipood saadab ostjale uudiskirju ning pakkumisi ostja e-maili aadressile ainult juhul, kui ostja on selleks avaldanud soovi sisestades veebilehel e-kirja aadressi ning andnud teada oma soovist otsepostituse teadete saamiseks.<\/p>&#13;\n<p>Ostjal on igal ajal vo\u0303imalik loobuda e-postile saadetavatest pakkumistest ja uudiskirjadest andes sellest meile teada e-kirja teel vo\u0303i ja\u0308rgides pakkumisi sisaldava e-kirjas toodud juhiseid.<\/p>&#13;\n<h3>DISPUTE SETTLEMENT<\/h3>&#13;\n<p>Kui ostjal on Veebipoe osas pretensioone, tuleb need saata e-kirja aadressile <a href=\"mailto:andrus.kuldkepp@gmail.com\">andrus.kuldkepp@gmail.com<\/a>\u00a0vo\u0303i helistada telefonil: +372 <span class=\"tojvnm2t a6sixzi8 abs2jz4q a8s20v7p t1p8iaqh k5wvi7nf q3lfd5jv pk4s997a bipmatt0 cebpdrjk qowsmv63 owwhemhu dp1hu0rb dhp61c6y iyyx5f41\">5743 0872<\/span><\/p>&#13;\n<p>Kui ostja ja Veebipood ei suuda lahendada vaidlust kokkuleppe teel, siis on ostjal vo\u0303imalik po\u0308o\u0308rduda Tarbijavaidluste komisjoni poole. Menetlustingimustega saab tutvuda ning avaldust esitada\u00a0<a href=\"https:\/\/komisjon.ee\/et\/avalduse-esitamine\">siin<\/a>. Tarbijavaidluste komisjoni pa\u0308devuses on lahendada ostja ja Veebipoe vahel so\u0303lmitud lepingust tulenevaid vaidlusi. Ostja kaebuse la\u0308bivaatamine komisjonis on tasuta.<\/p>&#13;\n<p>Ostja vo\u0303ib po\u0308o\u0308rduda Euroopa Liidu tarbijavaidlusi lahendava platvormi\u00a0<a href=\"https:\/\/ec.europa.eu\/consumers\/odr\/main\/index.cfm?event=main.home2.show&amp;lng=ET\">poole<\/a>.<\/p>&#13;\n<\/div>&#13;\n","protected":false},"excerpt":{"rendered":"<p>&#13; &#13; Terms and conditions of sale &#13; &#13; &#13; Veebipoe www.sulgpallitooted.ee (edaspidi Veebipood) omanik on Aqula Pesu O\u00dc (registrikood 12338106), asukohaga Heina tn 29a-5 Tallinn Harjumaa 10412. &#13; VALIDITY OF THE SALES CONTRACT, COMMERCIAL AND PRICE INFORMATION &#13; Mu\u0308u\u0308gitingimused kehtivad Veebipoest kaupade ostmisel. &#13; Veebipoes mu\u0308u\u0308davate toodete hinnad on ma\u0308rgitud toodete juurde. Hinnale lisandub [&hellip;]<\/p>\n","protected":false},"author":1,"featured_media":0,"parent":0,"menu_order":0,"comment_status":"closed","ping_status":"closed","template":"","meta":{"om_disable_all_campaigns":false,"_monsterinsights_skip_tracking":false,"_monsterinsights_sitenote_active":false,"_monsterinsights_sitenote_note":"","_monsterinsights_sitenote_category":0,"_uf_show_specific_survey":0,"_uf_disable_surveys":false,"site-sidebar-layout":"default","site-content-layout":"default","ast-site-content-layout":"","site-content-style":"default","site-sidebar-style":"default","ast-global-header-display":"","ast-banner-title-visibility":"","ast-main-header-display":"","ast-hfb-above-header-display":"","ast-hfb-below-header-display":"","ast-hfb-mobile-header-display":"","site-post-title":"","ast-breadcrumbs-content":"","ast-featured-img":"","footer-sml-layout":"","theme-transparent-header-meta":"default","adv-header-id-meta":"","stick-header-meta":"","header-above-stick-meta":"","header-main-stick-meta":"","header-below-stick-meta":"","astra-migrate-meta-layouts":"default","ast-page-background-enabled":"default","ast-page-background-meta":{"desktop":{"background-color":"","background-image":"","background-repeat":"repeat","background-position":"center center","background-size":"auto","background-attachment":"scroll","background-type":"","background-media":"","overlay-type":"","overlay-color":"","overlay-opacity":"","overlay-gradient":""},"tablet":{"background-color":"","background-image":"","background-repeat":"repeat","background-position":"center center","background-size":"auto","background-attachment":"scroll","background-type":"","background-media":"","overlay-type":"","overlay-color":"","overlay-opacity":"","overlay-gradient":""},"mobile":{"background-color":"","background-image":"","background-repeat":"repeat","background-position":"center center","background-size":"auto","background-attachment":"scroll","background-type":"","background-media":"","overlay-type":"","overlay-color":"","overlay-opacity":"","overlay-gradient":""}},"ast-content-background-meta":{"desktop":{"background-color":"var(--ast-global-color-5)","background-image":"","background-repeat":"repeat","background-position":"center center","background-size":"auto","background-attachment":"scroll","background-type":"","background-media":"","overlay-type":"","overlay-color":"","overlay-opacity":"","overlay-gradient":""},"tablet":{"background-color":"var(--ast-global-color-5)","background-image":"","background-repeat":"repeat","background-position":"center center","background-size":"auto","background-attachment":"scroll","background-type":"","background-media":"","overlay-type":"","overlay-color":"","overlay-opacity":"","overlay-gradient":""},"mobile":{"background-color":"var(--ast-global-color-5)","background-image":"","background-repeat":"repeat","background-position":"center center","background-size":"auto","background-attachment":"scroll","background-type":"","background-media":"","overlay-type":"","overlay-color":"","overlay-opacity":"","overlay-gradient":""}},"footnotes":""},"class_list":["post-10841","page","type-page","status-publish","hentry"],"yoast_head":"<!-- This site is optimized with the Yoast SEO Premium plugin v24.7 (Yoast SEO v27.3) - https:\/\/yoast.com\/product\/yoast-seo-premium-wordpress\/ -->\n<title>Conditions of sale - Sulgpallivarustus<\/title>\n<meta name=\"description\" content=\"Terms and conditions are protected and secure on our website\" \/>\n<meta name=\"robots\" content=\"index, follow, max-snippet:-1, max-image-preview:large, max-video-preview:-1\" \/>\n<link rel=\"canonical\" href=\"https:\/\/sulgpallitooted.ee\/en\/conditions-of-sale\/\" \/>\n<meta property=\"og:locale\" content=\"en_US\" \/>\n<meta property=\"og:type\" content=\"article\" \/>\n<meta property=\"og:title\" content=\"Conditions of sale\" \/>\n<meta property=\"og:description\" content=\"Terms and conditions are protected and secure on our website\" \/>\n<meta property=\"og:url\" content=\"https:\/\/sulgpallitooted.ee\/en\/conditions-of-sale\/\" \/>\n<meta property=\"og:site_name\" content=\"Sulgpallivarustus\" \/>\n<meta property=\"article:publisher\" content=\"https:\/\/www.facebook.com\/SunbattaEstonia\" \/>\n<meta property=\"article:modified_time\" content=\"2024-07-23T06:56:39+00:00\" \/>\n<meta property=\"og:image\" content=\"https:\/\/sulgpallitooted.ee\/wp-content\/uploads\/2022\/03\/Sulgpallitooted_cover.jpg\" \/>\n\t<meta property=\"og:image:width\" content=\"921\" \/>\n\t<meta property=\"og:image:height\" content=\"921\" \/>\n\t<meta property=\"og:image:type\" content=\"image\/jpeg\" \/>\n<meta name=\"twitter:card\" content=\"summary_large_image\" \/>\n<meta name=\"twitter:label1\" content=\"Est. reading time\" \/>\n\t<meta name=\"twitter:data1\" content=\"5 minutes\" \/>\n<script type=\"application\/ld+json\" class=\"yoast-schema-graph\">{\"@context\":\"https:\\\/\\\/schema.org\",\"@graph\":[{\"@type\":\"WebPage\",\"@id\":\"https:\\\/\\\/sulgpallitooted.ee\\\/en\\\/conditions-of-sale\\\/\",\"url\":\"https:\\\/\\\/sulgpallitooted.ee\\\/en\\\/conditions-of-sale\\\/\",\"name\":\"Conditions of sale - Sulgpallivarustus\",\"isPartOf\":{\"@id\":\"https:\\\/\\\/sulgpallitooted.ee\\\/#website\"},\"datePublished\":\"2021-08-08T13:26:18+00:00\",\"dateModified\":\"2024-07-23T06:56:39+00:00\",\"description\":\"Terms and conditions are protected and secure on our website\",\"inLanguage\":\"en-US\",\"potentialAction\":[{\"@type\":\"ReadAction\",\"target\":[\"https:\\\/\\\/sulgpallitooted.ee\\\/en\\\/conditions-of-sale\\\/\"]}]},{\"@type\":\"WebSite\",\"@id\":\"https:\\\/\\\/sulgpallitooted.ee\\\/#website\",\"url\":\"https:\\\/\\\/sulgpallitooted.ee\\\/\",\"name\":\"Sulgpallivarustus\",\"description\":\"Sulgpallivarustuse m\u00fc\u00fck: reketid, keeled, sulgpallid nii proffidele kui algajatele\",\"publisher\":{\"@id\":\"https:\\\/\\\/sulgpallitooted.ee\\\/#organization\"},\"potentialAction\":[{\"@type\":\"SearchAction\",\"target\":{\"@type\":\"EntryPoint\",\"urlTemplate\":\"https:\\\/\\\/sulgpallitooted.ee\\\/?s={search_term_string}\"},\"query-input\":{\"@type\":\"PropertyValueSpecification\",\"valueRequired\":true,\"valueName\":\"search_term_string\"}}],\"inLanguage\":\"en-US\"},{\"@type\":\"Organization\",\"@id\":\"https:\\\/\\\/sulgpallitooted.ee\\\/#organization\",\"name\":\"Sulgpallitooted\",\"url\":\"https:\\\/\\\/sulgpallitooted.ee\\\/\",\"logo\":{\"@type\":\"ImageObject\",\"inLanguage\":\"en-US\",\"@id\":\"https:\\\/\\\/sulgpallitooted.ee\\\/#\\\/schema\\\/logo\\\/image\\\/\",\"url\":\"https:\\\/\\\/sulgpallitooted.ee\\\/wp-content\\\/uploads\\\/2022\\\/03\\\/Sulgpallitooted_cover.jpg\",\"contentUrl\":\"https:\\\/\\\/sulgpallitooted.ee\\\/wp-content\\\/uploads\\\/2022\\\/03\\\/Sulgpallitooted_cover.jpg\",\"width\":921,\"height\":921,\"caption\":\"Sulgpallitooted\"},\"image\":{\"@id\":\"https:\\\/\\\/sulgpallitooted.ee\\\/#\\\/schema\\\/logo\\\/image\\\/\"},\"sameAs\":[\"https:\\\/\\\/www.facebook.com\\\/SunbattaEstonia\",\"https:\\\/\\\/www.instagram.com\\\/sunbattabadmintonestonia\"]}]}<\/script>\n<!-- \/ Yoast SEO Premium plugin. -->","yoast_head_json":{"title":"Conditions of sale - Sulgpallivarustus","description":"Terms and conditions are protected and secure on our website","robots":{"index":"index","follow":"follow","max-snippet":"max-snippet:-1","max-image-preview":"max-image-preview:large","max-video-preview":"max-video-preview:-1"},"canonical":"https:\/\/sulgpallitooted.ee\/en\/conditions-of-sale\/","og_locale":"en_US","og_type":"article","og_title":"Conditions of sale","og_description":"Terms and conditions are protected and secure on our website","og_url":"https:\/\/sulgpallitooted.ee\/en\/conditions-of-sale\/","og_site_name":"Sulgpallivarustus","article_publisher":"https:\/\/www.facebook.com\/SunbattaEstonia","article_modified_time":"2024-07-23T06:56:39+00:00","og_image":[{"width":921,"height":921,"url":"https:\/\/sulgpallitooted.ee\/wp-content\/uploads\/2022\/03\/Sulgpallitooted_cover.jpg","type":"image\/jpeg"}],"twitter_card":"summary_large_image","twitter_misc":{"Est. reading time":"5 minutes"},"schema":{"@context":"https:\/\/schema.org","@graph":[{"@type":"WebPage","@id":"https:\/\/sulgpallitooted.ee\/en\/conditions-of-sale\/","url":"https:\/\/sulgpallitooted.ee\/en\/conditions-of-sale\/","name":"Conditions of sale - Sulgpallivarustus","isPartOf":{"@id":"https:\/\/sulgpallitooted.ee\/#website"},"datePublished":"2021-08-08T13:26:18+00:00","dateModified":"2024-07-23T06:56:39+00:00","description":"Terms and conditions are protected and secure on our website","inLanguage":"en-US","potentialAction":[{"@type":"ReadAction","target":["https:\/\/sulgpallitooted.ee\/en\/conditions-of-sale\/"]}]},{"@type":"WebSite","@id":"https:\/\/sulgpallitooted.ee\/#website","url":"https:\/\/sulgpallitooted.ee\/","name":"Sulgpallivarustus","description":"Sulgpallivarustuse m\u00fc\u00fck: reketid, keeled, sulgpallid nii proffidele kui algajatele","publisher":{"@id":"https:\/\/sulgpallitooted.ee\/#organization"},"potentialAction":[{"@type":"SearchAction","target":{"@type":"EntryPoint","urlTemplate":"https:\/\/sulgpallitooted.ee\/?s={search_term_string}"},"query-input":{"@type":"PropertyValueSpecification","valueRequired":true,"valueName":"search_term_string"}}],"inLanguage":"en-US"},{"@type":"Organization","@id":"https:\/\/sulgpallitooted.ee\/#organization","name":"Sulgpallitooted","url":"https:\/\/sulgpallitooted.ee\/","logo":{"@type":"ImageObject","inLanguage":"en-US","@id":"https:\/\/sulgpallitooted.ee\/#\/schema\/logo\/image\/","url":"https:\/\/sulgpallitooted.ee\/wp-content\/uploads\/2022\/03\/Sulgpallitooted_cover.jpg","contentUrl":"https:\/\/sulgpallitooted.ee\/wp-content\/uploads\/2022\/03\/Sulgpallitooted_cover.jpg","width":921,"height":921,"caption":"Sulgpallitooted"},"image":{"@id":"https:\/\/sulgpallitooted.ee\/#\/schema\/logo\/image\/"},"sameAs":["https:\/\/www.facebook.com\/SunbattaEstonia","https:\/\/www.instagram.com\/sunbattabadmintonestonia"]}]}},"_links":{"self":[{"href":"https:\/\/sulgpallitooted.ee\/en\/wp-json\/wp\/v2\/pages\/10841","targetHints":{"allow":["GET"]}}],"collection":[{"href":"https:\/\/sulgpallitooted.ee\/en\/wp-json\/wp\/v2\/pages"}],"about":[{"href":"https:\/\/sulgpallitooted.ee\/en\/wp-json\/wp\/v2\/types\/page"}],"author":[{"embeddable":true,"href":"https:\/\/sulgpallitooted.ee\/en\/wp-json\/wp\/v2\/users\/1"}],"replies":[{"embeddable":true,"href":"https:\/\/sulgpallitooted.ee\/en\/wp-json\/wp\/v2\/comments?post=10841"}],"version-history":[{"count":1,"href":"https:\/\/sulgpallitooted.ee\/en\/wp-json\/wp\/v2\/pages\/10841\/revisions"}],"predecessor-version":[{"id":10842,"href":"https:\/\/sulgpallitooted.ee\/en\/wp-json\/wp\/v2\/pages\/10841\/revisions\/10842"}],"wp:attachment":[{"href":"https:\/\/sulgpallitooted.ee\/en\/wp-json\/wp\/v2\/media?parent=10841"}],"curies":[{"name":"wp","href":"https:\/\/api.w.org\/{rel}","templated":true}]}}